{"id":4112,"date":"2023-05-24T08:04:56","date_gmt":"2023-05-24T08:04:56","guid":{"rendered":"https:\/\/planenergi.eu\/bereiche\/"},"modified":"2024-02-14T08:48:33","modified_gmt":"2024-02-14T08:48:33","slug":"bereiche","status":"publish","type":"page","link":"https:\/\/planenergi.eu\/de\/bereiche\/","title":{"rendered":"Bereiche"},"content":{"rendered":"\t\t<div data-elementor-type=\"wp-page\" data-elementor-id=\"4112\" class=\"elementor elementor-4112 elementor-29\" data-elementor-post-type=\"page\">\n\t\t\t\t\t\t<section data-dce-background-color=\"#F9F9F900\" data-dce-background-image-url=\"https:\/\/planenergi.eu\/wp-content\/uploads\/2023\/05\/real-estate-bg-top.svg\" class=\"wd-negative-gap elementor-section elementor-top-section elementor-element elementor-element-5d91d97 wd-section-stretch elementor-section-boxed elementor-section-height-default elementor-section-height-default\" data-id=\"5d91d97\" data-element_type=\"section\" data-e-type=\"section\" data-settings=\"{&quot;background_background&quot;:&quot;classic&quot;}\">\n\t\t\t\t\t\t<div class=\"elementor-container elementor-column-gap-default\">\n\t\t\t\t\t<div class=\"elementor-column elementor-col-100 elementor-top-column elementor-element elementor-element-843a2dc\" data-id=\"843a2dc\" data-element_type=\"column\" data-e-type=\"column\">\n\t\t\t<div class=\"elementor-widget-wrap elementor-element-populated\">\n\t\t\t\t\t\t<div class=\"elementor-element elementor-element-d9d4261 elementor-align-left elementor-widget elementor-widget-breadcrumbs\" data-id=\"d9d4261\" data-element_type=\"widget\" data-e-type=\"widget\" data-widget_type=\"breadcrumbs.default\">\n\t\t\t\t<div class=\"elementor-widget-container\">\n\t\t\t\t\t<p id=\"breadcrumbs\"><span><span><a href=\"https:\/\/planenergi.eu\/\">Home<\/a><\/span><\/span><\/p>\t\t\t\t<\/div>\n\t\t\t\t<\/div>\n\t\t\t\t<div class=\"elementor-element elementor-element-06b0e62 elementor-widget elementor-widget-heading\" data-id=\"06b0e62\" data-element_type=\"widget\" data-e-type=\"widget\" data-widget_type=\"heading.default\">\n\t\t\t\t<div class=\"elementor-widget-container\">\n\t\t\t\t\t<h2 class=\"elementor-heading-title elementor-size-default\">Unsere Bereiche<\/h2>\t\t\t\t<\/div>\n\t\t\t\t<\/div>\n\t\t\t\t<div class=\"elementor-element elementor-element-4bc991b color-scheme-inherit text-left elementor-widget elementor-widget-text-editor\" data-id=\"4bc991b\" data-element_type=\"widget\" data-e-type=\"widget\" data-widget_type=\"text-editor.default\">\n\t\t\t\t<div class=\"elementor-widget-container\">\n\t\t\t\t\t\t\t\t\t<p>PlanEnergi bietet Beratung f\u00fcr alle Arten von Projekten im Bereich der erneuerbaren Energien, von der Entwicklung bis zur Umsetzung<\/p>\n\t\t\t\t\t\t\t\t<\/div>\n\t\t\t\t<\/div>\n\t\t\t\t<section class=\"wd-negative-gap elementor-section elementor-inner-section elementor-element elementor-element-5bc42cc elementor-section-boxed elementor-section-height-default elementor-section-height-default\" data-id=\"5bc42cc\" data-element_type=\"section\" data-e-type=\"section\">\n\t\t\t\t\t\t<div class=\"elementor-container elementor-column-gap-default\">\n\t\t\t\t\t<div class=\"elementor-column elementor-col-25 elementor-inner-column elementor-element elementor-element-21e1921\" data-id=\"21e1921\" data-element_type=\"column\" data-e-type=\"column\">\n\t\t\t<div class=\"elementor-widget-wrap elementor-element-populated\">\n\t\t\t\t\t\t<div class=\"elementor-element elementor-element-b1f8099 elementor-widget elementor-widget-wd_infobox\" data-id=\"b1f8099\" data-element_type=\"widget\" data-e-type=\"widget\" data-widget_type=\"wd_infobox.default\">\n\t\t\t\t<div class=\"elementor-widget-container\">\n\t\t\t\t\t\t\t<div class=\"info-box-wrapper\">\n\t\t\t<div class=\"wd-info-box text-left box-icon-align-top box-style-base color-scheme-\">\n\t\t\t\t\t\t\t\t\t<div class=\"box-icon-wrapper  box-with-icon box-icon-simple\">\n\t\t\t\t\t\t<div class=\"info-box-icon\">\n\t\t\t\t\t\t\t\t\t\t\t\t\t\t\t<img decoding=\"async\" width=\"64\" height=\"64\" src=\"https:\/\/planenergi.eu\/wp-content\/uploads\/2023\/05\/solar-energy.png\" class=\"attachment-thumbnail size-thumbnail\" alt=\"\" \/>\t\t\t\t\t\t\t\t\t\t\t\t\t<\/div>\n\t\t\t\t\t<\/div>\n\t\t\t\t\n\t\t\t\t<div class=\"info-box-content\">\n\t\t\t\t\t\n\t\t\t\t\t\t\t\t\t\t\t<h4\t\t\t\t\t\tclass=\"info-box-title title box-title-style-default wd-fontsize-m\" data-elementor-setting-key=\"title\">\n\t\t\t\t\t\t\t\tFernw\u00e4rme\t\t\t\t\t\t<\/h4>\n\t\t\t\t\t\n\t\t\t\t\t<div class=\"info-box-inner reset-last-child\"data-elementor-setting-key=\"content\"><p>Masterpl\u00e4ne, Kraft-W\u00e4rme-Kopplung, Solarthermie, W\u00e4rmepumpen und saisonale W\u00e4rmespeicherung, Netzoptimierung und Ausbau von Versorgungsgebieten<\/p>\n<\/div>\n\n\t\t\t\t\t\t\t\t\t<\/div>\n\n\t\t\t\t\t\t\t<\/div>\n\t\t<\/div>\n\t\t\t\t\t\t<\/div>\n\t\t\t\t<\/div>\n\t\t\t\t<div class=\"elementor-element elementor-element-35adc94 button-arrow-anim elementor-widget elementor-widget-button\" data-id=\"35adc94\" data-element_type=\"widget\" data-e-type=\"widget\" data-widget_type=\"button.default\">\n\t\t\t\t<div class=\"elementor-widget-container\">\n\t\t\t\t\t\t\t\t\t<div class=\"elementor-button-wrapper\">\n\t\t\t\t\t<a class=\"elementor-button elementor-button-link elementor-size-sm\" href=\"https:\/\/planenergi.eu\/de\/bereiche\/fernwaerme\/\">\n\t\t\t\t\t\t<span class=\"elementor-button-content-wrapper\">\n\t\t\t\t\t\t<span class=\"elementor-button-icon\">\n\t\t\t\t<svg xmlns=\"http:\/\/www.w3.org\/2000\/svg\" xmlns:xlink=\"http:\/\/www.w3.org\/1999\/xlink\" width=\"120\" height=\"120\" viewBox=\"0 0 120 120\"><g id=\"g1\"><path id=\"path1\" fill=\"#ffffff\" stroke=\"none\" d=\"M 1.262422 63.154934 L 41.519325 103.411835 C 43.286034 105.178543 46.062424 105.178543 47.703213 103.411835 C 49.469925 101.645111 49.469925 98.868736 47.703213 97.227951 L 14.891942 64.416679 L 115.471107 64.417557 C 117.869072 64.417557 119.888458 62.398197 119.888458 60.000206 C 119.888458 57.602207 117.869095 55.582848 115.471107 55.582848 L 15.018143 55.582848 L 47.829414 22.771584 C 49.596123 21.004868 49.596123 18.228485 47.829414 16.587692 C 46.945602 15.703888 45.810055 15.325363 44.67448 15.325363 C 43.538906 15.325363 42.403385 15.703888 41.51955 16.587692 L 1.262648 56.844593 C 0.378839 57.728409 0.000316 58.73719 0.000316 59.999527 C 0.000316 61.26186 0.504721 62.270622 1.262648 63.154457 Z\"><\/path><\/g><\/svg>\t\t\t<\/span>\n\t\t\t\t\t\t\t\t<\/span>\n\t\t\t\t\t<\/a>\n\t\t\t\t<\/div>\n\t\t\t\t\t\t\t\t<\/div>\n\t\t\t\t<\/div>\n\t\t\t\t\t<\/div>\n\t\t<\/div>\n\t\t\t\t<div class=\"elementor-column elementor-col-25 elementor-inner-column elementor-element elementor-element-5e2315b\" data-id=\"5e2315b\" data-element_type=\"column\" data-e-type=\"column\">\n\t\t\t<div class=\"elementor-widget-wrap elementor-element-populated\">\n\t\t\t\t\t\t<div class=\"elementor-element elementor-element-9f6f8de elementor-widget elementor-widget-wd_infobox\" data-id=\"9f6f8de\" data-element_type=\"widget\" data-e-type=\"widget\" data-widget_type=\"wd_infobox.default\">\n\t\t\t\t<div class=\"elementor-widget-container\">\n\t\t\t\t\t\t\t<div class=\"info-box-wrapper\">\n\t\t\t<div class=\"wd-info-box text-left box-icon-align-top box-style-base color-scheme-\">\n\t\t\t\t\t\t\t\t\t<div class=\"box-icon-wrapper  box-with-icon box-icon-simple\">\n\t\t\t\t\t\t<div class=\"info-box-icon\">\n\t\t\t\t\t\t\t\t\t\t\t\t\t\t\t<img decoding=\"async\" width=\"64\" height=\"64\" src=\"https:\/\/planenergi.eu\/wp-content\/uploads\/2023\/05\/biomass-energy.png\" class=\"attachment-thumbnail size-thumbnail\" alt=\"\" \/>\t\t\t\t\t\t\t\t\t\t\t\t\t<\/div>\n\t\t\t\t\t<\/div>\n\t\t\t\t\n\t\t\t\t<div class=\"info-box-content\">\n\t\t\t\t\t\n\t\t\t\t\t\t\t\t\t\t\t<h4\t\t\t\t\t\tclass=\"info-box-title title box-title-style-default wd-fontsize-m\" data-elementor-setting-key=\"title\">\n\t\t\t\t\t\t\t\tBiogas und Power to X\t\t\t\t\t\t<\/h4>\n\t\t\t\t\t\n\t\t\t\t\t<div class=\"info-box-inner reset-last-child\"data-elementor-setting-key=\"content\"><p>Konzeption, Planung, Genehmigungsverfahren, Projektentwicklung und Beratung. Wir bieten Beratung in allen Phasen der Projektierung von Biogasanlagen<\/p>\n<\/div>\n\n\t\t\t\t\t\t\t\t\t<\/div>\n\n\t\t\t\t\t\t\t<\/div>\n\t\t<\/div>\n\t\t\t\t\t\t<\/div>\n\t\t\t\t<\/div>\n\t\t\t\t<div class=\"elementor-element elementor-element-240e4dc button-arrow-anim elementor-widget elementor-widget-button\" data-id=\"240e4dc\" data-element_type=\"widget\" data-e-type=\"widget\" data-widget_type=\"button.default\">\n\t\t\t\t<div class=\"elementor-widget-container\">\n\t\t\t\t\t\t\t\t\t<div class=\"elementor-button-wrapper\">\n\t\t\t\t\t<a class=\"elementor-button elementor-button-link elementor-size-sm\" href=\"https:\/\/planenergi.eu\/de\/bereiche\/biogas-und-power-to-x\/\">\n\t\t\t\t\t\t<span class=\"elementor-button-content-wrapper\">\n\t\t\t\t\t\t<span class=\"elementor-button-icon\">\n\t\t\t\t<svg xmlns=\"http:\/\/www.w3.org\/2000\/svg\" xmlns:xlink=\"http:\/\/www.w3.org\/1999\/xlink\" width=\"120\" height=\"120\" viewBox=\"0 0 120 120\"><g id=\"g1\"><path id=\"path1\" fill=\"#ffffff\" stroke=\"none\" d=\"M 1.262422 63.154934 L 41.519325 103.411835 C 43.286034 105.178543 46.062424 105.178543 47.703213 103.411835 C 49.469925 101.645111 49.469925 98.868736 47.703213 97.227951 L 14.891942 64.416679 L 115.471107 64.417557 C 117.869072 64.417557 119.888458 62.398197 119.888458 60.000206 C 119.888458 57.602207 117.869095 55.582848 115.471107 55.582848 L 15.018143 55.582848 L 47.829414 22.771584 C 49.596123 21.004868 49.596123 18.228485 47.829414 16.587692 C 46.945602 15.703888 45.810055 15.325363 44.67448 15.325363 C 43.538906 15.325363 42.403385 15.703888 41.51955 16.587692 L 1.262648 56.844593 C 0.378839 57.728409 0.000316 58.73719 0.000316 59.999527 C 0.000316 61.26186 0.504721 62.270622 1.262648 63.154457 Z\"><\/path><\/g><\/svg>\t\t\t<\/span>\n\t\t\t\t\t\t\t\t<\/span>\n\t\t\t\t\t<\/a>\n\t\t\t\t<\/div>\n\t\t\t\t\t\t\t\t<\/div>\n\t\t\t\t<\/div>\n\t\t\t\t\t<\/div>\n\t\t<\/div>\n\t\t\t\t<div class=\"elementor-column elementor-col-25 elementor-inner-column elementor-element elementor-element-71dc887\" data-id=\"71dc887\" data-element_type=\"column\" data-e-type=\"column\">\n\t\t\t<div class=\"elementor-widget-wrap elementor-element-populated\">\n\t\t\t\t\t\t<div class=\"elementor-element elementor-element-f86f381 elementor-widget elementor-widget-wd_infobox\" data-id=\"f86f381\" data-element_type=\"widget\" data-e-type=\"widget\" data-widget_type=\"wd_infobox.default\">\n\t\t\t\t<div class=\"elementor-widget-container\">\n\t\t\t\t\t\t\t<div class=\"info-box-wrapper\">\n\t\t\t<div class=\"wd-info-box text-left box-icon-align-top box-style-base color-scheme-\">\n\t\t\t\t\t\t\t\t\t<div class=\"box-icon-wrapper  box-with-icon box-icon-simple\">\n\t\t\t\t\t\t<div class=\"info-box-icon\">\n\t\t\t\t\t\t\t\t\t\t\t\t\t\t\t<img decoding=\"async\" width=\"64\" height=\"64\" src=\"https:\/\/planenergi.eu\/wp-content\/uploads\/2023\/05\/wind-turbine.png\" class=\"attachment-thumbnail size-thumbnail\" alt=\"\" \/>\t\t\t\t\t\t\t\t\t\t\t\t\t<\/div>\n\t\t\t\t\t<\/div>\n\t\t\t\t\n\t\t\t\t<div class=\"info-box-content\">\n\t\t\t\t\t\n\t\t\t\t\t\t\t\t\t\t\t<h4\t\t\t\t\t\tclass=\"info-box-title title box-title-style-default wd-fontsize-m\" data-elementor-setting-key=\"title\">\n\t\t\t\t\t\t\t\tStrategie und Planung\t\t\t\t\t\t<\/h4>\n\t\t\t\t\t\n\t\t\t\t\t<div class=\"info-box-inner reset-last-child\"data-elementor-setting-key=\"content\"><p>Prozessplanung und -organisation, Statuskartierung, Energie-System-Analysen, Strategien und Aktionspl\u00e4ne f\u00fcr Kommunen und Regionen<\/p>\n<\/div>\n\n\t\t\t\t\t\t\t\t\t<\/div>\n\n\t\t\t\t\t\t\t<\/div>\n\t\t<\/div>\n\t\t\t\t\t\t<\/div>\n\t\t\t\t<\/div>\n\t\t\t\t<div class=\"elementor-element elementor-element-c5d65c9 button-arrow-anim elementor-widget elementor-widget-button\" data-id=\"c5d65c9\" data-element_type=\"widget\" data-e-type=\"widget\" data-widget_type=\"button.default\">\n\t\t\t\t<div class=\"elementor-widget-container\">\n\t\t\t\t\t\t\t\t\t<div class=\"elementor-button-wrapper\">\n\t\t\t\t\t<a class=\"elementor-button elementor-button-link elementor-size-sm\" href=\"https:\/\/planenergi.eu\/de\/bereiche\/strategie-und-planung\/\">\n\t\t\t\t\t\t<span class=\"elementor-button-content-wrapper\">\n\t\t\t\t\t\t<span class=\"elementor-button-icon\">\n\t\t\t\t<svg xmlns=\"http:\/\/www.w3.org\/2000\/svg\" xmlns:xlink=\"http:\/\/www.w3.org\/1999\/xlink\" width=\"120\" height=\"120\" viewBox=\"0 0 120 120\"><g id=\"g1\"><path id=\"path1\" fill=\"#ffffff\" stroke=\"none\" d=\"M 1.262422 63.154934 L 41.519325 103.411835 C 43.286034 105.178543 46.062424 105.178543 47.703213 103.411835 C 49.469925 101.645111 49.469925 98.868736 47.703213 97.227951 L 14.891942 64.416679 L 115.471107 64.417557 C 117.869072 64.417557 119.888458 62.398197 119.888458 60.000206 C 119.888458 57.602207 117.869095 55.582848 115.471107 55.582848 L 15.018143 55.582848 L 47.829414 22.771584 C 49.596123 21.004868 49.596123 18.228485 47.829414 16.587692 C 46.945602 15.703888 45.810055 15.325363 44.67448 15.325363 C 43.538906 15.325363 42.403385 15.703888 41.51955 16.587692 L 1.262648 56.844593 C 0.378839 57.728409 0.000316 58.73719 0.000316 59.999527 C 0.000316 61.26186 0.504721 62.270622 1.262648 63.154457 Z\"><\/path><\/g><\/svg>\t\t\t<\/span>\n\t\t\t\t\t\t\t\t<\/span>\n\t\t\t\t\t<\/a>\n\t\t\t\t<\/div>\n\t\t\t\t\t\t\t\t<\/div>\n\t\t\t\t<\/div>\n\t\t\t\t\t<\/div>\n\t\t<\/div>\n\t\t\t\t<div class=\"elementor-column elementor-col-25 elementor-inner-column elementor-element elementor-element-6209fc8\" data-id=\"6209fc8\" data-element_type=\"column\" data-e-type=\"column\">\n\t\t\t<div class=\"elementor-widget-wrap elementor-element-populated\">\n\t\t\t\t\t\t<div class=\"elementor-element elementor-element-f6c7819 elementor-widget elementor-widget-wd_infobox\" data-id=\"f6c7819\" data-element_type=\"widget\" data-e-type=\"widget\" data-widget_type=\"wd_infobox.default\">\n\t\t\t\t<div class=\"elementor-widget-container\">\n\t\t\t\t\t\t\t<div class=\"info-box-wrapper\">\n\t\t\t<div class=\"wd-info-box text-left box-icon-align-top box-style-base color-scheme-\">\n\t\t\t\t\t\t\t\t\t<div class=\"box-icon-wrapper  box-with-icon box-icon-simple\">\n\t\t\t\t\t\t<div class=\"info-box-icon\">\n\t\t\t\t\t\t\t\t\t\t\t\t\t\t\t<img loading=\"lazy\" decoding=\"async\" width=\"64\" height=\"64\" src=\"https:\/\/planenergi.eu\/wp-content\/uploads\/2023\/05\/biomass-energy-1.png\" class=\"attachment-thumbnail size-thumbnail\" alt=\"\" \/>\t\t\t\t\t\t\t\t\t\t\t\t\t<\/div>\n\t\t\t\t\t<\/div>\n\t\t\t\t\n\t\t\t\t<div class=\"info-box-content\">\n\t\t\t\t\t\n\t\t\t\t\t\t\t\t\t\t\t<h4\t\t\t\t\t\tclass=\"info-box-title title box-title-style-default wd-fontsize-m\" data-elementor-setting-key=\"title\">\n\t\t\t\t\t\t\t\tInternationale Aktivit\u00e4ten\t\t\t\t\t\t<\/h4>\n\t\t\t\t\t\n\t\t\t\t\t<div class=\"info-box-inner reset-last-child\"data-elementor-setting-key=\"content\"><p>Wir engegieren uns in diversen internationalen Aktivit\u00e4ten.\u00a0 \u00a0 \u00a0 \u00a0 \u00a0 \u00a0 \u00a0 \u00a0 \u00a0 \u00a0 <span style=\"background-color: rgba(249, 249, 249, 0); color: var(--wd-text-color); font-size: 14px;\">Dies ist ein nat\u00fcrlicher Teil unseres Auftrags, erneuerbare Energien einzusetzen<\/span><\/p>\n<\/div>\n\n\t\t\t\t\t\t\t\t\t<\/div>\n\n\t\t\t\t\t\t\t<\/div>\n\t\t<\/div>\n\t\t\t\t\t\t<\/div>\n\t\t\t\t<\/div>\n\t\t\t\t<div class=\"elementor-element elementor-element-de21229 button-arrow-anim elementor-widget elementor-widget-button\" data-id=\"de21229\" data-element_type=\"widget\" data-e-type=\"widget\" data-widget_type=\"button.default\">\n\t\t\t\t<div class=\"elementor-widget-container\">\n\t\t\t\t\t\t\t\t\t<div class=\"elementor-button-wrapper\">\n\t\t\t\t\t<a class=\"elementor-button elementor-button-link elementor-size-sm\" href=\"https:\/\/planenergi.eu\/de\/bereiche\/internationale-aktivitaeten\/\">\n\t\t\t\t\t\t<span class=\"elementor-button-content-wrapper\">\n\t\t\t\t\t\t<span class=\"elementor-button-icon\">\n\t\t\t\t<svg xmlns=\"http:\/\/www.w3.org\/2000\/svg\" xmlns:xlink=\"http:\/\/www.w3.org\/1999\/xlink\" width=\"120\" height=\"120\" viewBox=\"0 0 120 120\"><g id=\"g1\"><path id=\"path1\" fill=\"#ffffff\" stroke=\"none\" d=\"M 1.262422 63.154934 L 41.519325 103.411835 C 43.286034 105.178543 46.062424 105.178543 47.703213 103.411835 C 49.469925 101.645111 49.469925 98.868736 47.703213 97.227951 L 14.891942 64.416679 L 115.471107 64.417557 C 117.869072 64.417557 119.888458 62.398197 119.888458 60.000206 C 119.888458 57.602207 117.869095 55.582848 115.471107 55.582848 L 15.018143 55.582848 L 47.829414 22.771584 C 49.596123 21.004868 49.596123 18.228485 47.829414 16.587692 C 46.945602 15.703888 45.810055 15.325363 44.67448 15.325363 C 43.538906 15.325363 42.403385 15.703888 41.51955 16.587692 L 1.262648 56.844593 C 0.378839 57.728409 0.000316 58.73719 0.000316 59.999527 C 0.000316 61.26186 0.504721 62.270622 1.262648 63.154457 Z\"><\/path><\/g><\/svg>\t\t\t<\/span>\n\t\t\t\t\t\t\t\t<\/span>\n\t\t\t\t\t<\/a>\n\t\t\t\t<\/div>\n\t\t\t\t\t\t\t\t<\/div>\n\t\t\t\t<\/div>\n\t\t\t\t\t<\/div>\n\t\t<\/div>\n\t\t\t\t\t<\/div>\n\t\t<\/section>\n\t\t\t\t\t<\/div>\n\t\t<\/div>\n\t\t\t\t\t<\/div>\n\t\t<\/section>\n\t\t\t\t<\/div>\n\t\t","protected":false},"excerpt":{"rendered":"<p>Unsere Bereiche PlanEnergi bietet Beratung f\u00fcr alle Arten von Projekten im Bereich der erneuerbaren Energien, von der Entwicklung bis zur<\/p>\n","protected":false},"author":4,"featured_media":0,"parent":0,"menu_order":0,"comment_status":"closed","ping_status":"closed","template":"","meta":{"_acf_changed":false,"_relevanssi_hide_post":"","_relevanssi_hide_content":"","_relevanssi_pin_for_all":"","_relevanssi_pin_keywords":"","_relevanssi_unpin_keywords":"","_relevanssi_related_keywords":"","_relevanssi_related_include_ids":"","_relevanssi_related_exclude_ids":"","_relevanssi_related_no_append":"","_relevanssi_related_not_related":"","_relevanssi_related_posts":"","_relevanssi_noindex_reason":"","footnotes":""},"class_list":["post-4112","page","type-page","status-publish","hentry"],"acf":[],"yoast_head":"<!-- This site is optimized with the Yoast SEO Premium plugin v21.6 (Yoast SEO v27.0) - https:\/\/yoast.com\/product\/yoast-seo-premium-wordpress\/ -->\n<title>Bereiche - PlanEnergi<\/title>\n<meta name=\"robots\" content=\"index, follow, max-snippet:-1, max-image-preview:large, max-video-preview:-1\" \/>\n<link rel=\"canonical\" href=\"https:\/\/planenergi.eu\/de\/bereiche\/\" \/>\n<meta property=\"og:locale\" content=\"de_DE\" \/>\n<meta property=\"og:type\" content=\"article\" \/>\n<meta property=\"og:title\" content=\"Bereiche\" \/>\n<meta property=\"og:description\" content=\"Unsere Bereiche PlanEnergi bietet Beratung f\u00fcr alle Arten von Projekten im Bereich der erneuerbaren Energien, von der Entwicklung bis zur\" \/>\n<meta property=\"og:url\" content=\"https:\/\/planenergi.eu\/de\/bereiche\/\" \/>\n<meta property=\"og:site_name\" content=\"PlanEnergi\" \/>\n<meta property=\"article:modified_time\" content=\"2024-02-14T08:48:33+00:00\" \/>\n<meta property=\"og:image\" content=\"https:\/\/planenergi.eu\/wp-content\/uploads\/2023\/05\/solar-energy.png\" \/>\n<meta name=\"twitter:card\" content=\"summary_large_image\" \/>\n<meta name=\"twitter:label1\" content=\"Gesch\u00e4tzte Lesezeit\" \/>\n\t<meta name=\"twitter:data1\" content=\"2\u00a0Minuten\" \/>\n<script type=\"application\/ld+json\" class=\"yoast-schema-graph\">{\"@context\":\"https:\/\/schema.org\",\"@graph\":[{\"@type\":\"WebPage\",\"@id\":\"https:\/\/planenergi.eu\/de\/bereiche\/\",\"url\":\"https:\/\/planenergi.eu\/de\/bereiche\/\",\"name\":\"Bereiche - PlanEnergi\",\"isPartOf\":{\"@id\":\"https:\/\/planenergi.eu\/#website\"},\"primaryImageOfPage\":{\"@id\":\"https:\/\/planenergi.eu\/de\/bereiche\/#primaryimage\"},\"image\":{\"@id\":\"https:\/\/planenergi.eu\/de\/bereiche\/#primaryimage\"},\"thumbnailUrl\":\"https:\/\/planenergi.eu\/wp-content\/uploads\/2023\/05\/solar-energy.png\",\"datePublished\":\"2023-05-24T08:04:56+00:00\",\"dateModified\":\"2024-02-14T08:48:33+00:00\",\"breadcrumb\":{\"@id\":\"https:\/\/planenergi.eu\/de\/bereiche\/#breadcrumb\"},\"inLanguage\":\"de\",\"potentialAction\":[{\"@type\":\"ReadAction\",\"target\":[\"https:\/\/planenergi.eu\/de\/bereiche\/\"]}]},{\"@type\":\"ImageObject\",\"inLanguage\":\"de\",\"@id\":\"https:\/\/planenergi.eu\/de\/bereiche\/#primaryimage\",\"url\":\"https:\/\/planenergi.eu\/wp-content\/uploads\/2023\/05\/solar-energy.png\",\"contentUrl\":\"https:\/\/planenergi.eu\/wp-content\/uploads\/2023\/05\/solar-energy.png\"},{\"@type\":\"BreadcrumbList\",\"@id\":\"https:\/\/planenergi.eu\/de\/bereiche\/#breadcrumb\",\"itemListElement\":[{\"@type\":\"ListItem\",\"position\":1,\"name\":\"Home\",\"item\":\"https:\/\/planenergi.eu\/\"},{\"@type\":\"ListItem\",\"position\":2,\"name\":\"Bereiche\"}]},{\"@type\":\"WebSite\",\"@id\":\"https:\/\/planenergi.eu\/#website\",\"url\":\"https:\/\/planenergi.eu\/\",\"name\":\"PlanEnergi\",\"description\":\"\",\"potentialAction\":[{\"@type\":\"SearchAction\",\"target\":{\"@type\":\"EntryPoint\",\"urlTemplate\":\"https:\/\/planenergi.eu\/?s={search_term_string}\"},\"query-input\":{\"@type\":\"PropertyValueSpecification\",\"valueRequired\":true,\"valueName\":\"search_term_string\"}}],\"inLanguage\":\"de\"}]}<\/script>\n<!-- \/ Yoast SEO Premium plugin. -->","yoast_head_json":{"title":"Bereiche - PlanEnergi","robots":{"index":"index","follow":"follow","max-snippet":"max-snippet:-1","max-image-preview":"max-image-preview:large","max-video-preview":"max-video-preview:-1"},"canonical":"https:\/\/planenergi.eu\/de\/bereiche\/","og_locale":"de_DE","og_type":"article","og_title":"Bereiche","og_description":"Unsere Bereiche PlanEnergi bietet Beratung f\u00fcr alle Arten von Projekten im Bereich der erneuerbaren Energien, von der Entwicklung bis zur","og_url":"https:\/\/planenergi.eu\/de\/bereiche\/","og_site_name":"PlanEnergi","article_modified_time":"2024-02-14T08:48:33+00:00","og_image":[{"url":"https:\/\/planenergi.eu\/wp-content\/uploads\/2023\/05\/solar-energy.png","type":"","width":"","height":""}],"twitter_card":"summary_large_image","twitter_misc":{"Gesch\u00e4tzte Lesezeit":"2\u00a0Minuten"},"schema":{"@context":"https:\/\/schema.org","@graph":[{"@type":"WebPage","@id":"https:\/\/planenergi.eu\/de\/bereiche\/","url":"https:\/\/planenergi.eu\/de\/bereiche\/","name":"Bereiche - PlanEnergi","isPartOf":{"@id":"https:\/\/planenergi.eu\/#website"},"primaryImageOfPage":{"@id":"https:\/\/planenergi.eu\/de\/bereiche\/#primaryimage"},"image":{"@id":"https:\/\/planenergi.eu\/de\/bereiche\/#primaryimage"},"thumbnailUrl":"https:\/\/planenergi.eu\/wp-content\/uploads\/2023\/05\/solar-energy.png","datePublished":"2023-05-24T08:04:56+00:00","dateModified":"2024-02-14T08:48:33+00:00","breadcrumb":{"@id":"https:\/\/planenergi.eu\/de\/bereiche\/#breadcrumb"},"inLanguage":"de","potentialAction":[{"@type":"ReadAction","target":["https:\/\/planenergi.eu\/de\/bereiche\/"]}]},{"@type":"ImageObject","inLanguage":"de","@id":"https:\/\/planenergi.eu\/de\/bereiche\/#primaryimage","url":"https:\/\/planenergi.eu\/wp-content\/uploads\/2023\/05\/solar-energy.png","contentUrl":"https:\/\/planenergi.eu\/wp-content\/uploads\/2023\/05\/solar-energy.png"},{"@type":"BreadcrumbList","@id":"https:\/\/planenergi.eu\/de\/bereiche\/#breadcrumb","itemListElement":[{"@type":"ListItem","position":1,"name":"Home","item":"https:\/\/planenergi.eu\/"},{"@type":"ListItem","position":2,"name":"Bereiche"}]},{"@type":"WebSite","@id":"https:\/\/planenergi.eu\/#website","url":"https:\/\/planenergi.eu\/","name":"PlanEnergi","description":"","potentialAction":[{"@type":"SearchAction","target":{"@type":"EntryPoint","urlTemplate":"https:\/\/planenergi.eu\/?s={search_term_string}"},"query-input":{"@type":"PropertyValueSpecification","valueRequired":true,"valueName":"search_term_string"}}],"inLanguage":"de"}]}},"_links":{"self":[{"href":"https:\/\/planenergi.eu\/de\/wp-json\/wp\/v2\/pages\/4112","targetHints":{"allow":["GET"]}}],"collection":[{"href":"https:\/\/planenergi.eu\/de\/wp-json\/wp\/v2\/pages"}],"about":[{"href":"https:\/\/planenergi.eu\/de\/wp-json\/wp\/v2\/types\/page"}],"author":[{"embeddable":true,"href":"https:\/\/planenergi.eu\/de\/wp-json\/wp\/v2\/users\/4"}],"replies":[{"embeddable":true,"href":"https:\/\/planenergi.eu\/de\/wp-json\/wp\/v2\/comments?post=4112"}],"version-history":[{"count":6,"href":"https:\/\/planenergi.eu\/de\/wp-json\/wp\/v2\/pages\/4112\/revisions"}],"predecessor-version":[{"id":4873,"href":"https:\/\/planenergi.eu\/de\/wp-json\/wp\/v2\/pages\/4112\/revisions\/4873"}],"wp:attachment":[{"href":"https:\/\/planenergi.eu\/de\/wp-json\/wp\/v2\/media?parent=4112"}],"curies":[{"name":"wp","href":"https:\/\/api.w.org\/{rel}","templated":true}]}}